{"id":85,"date":"2021-05-27T09:45:27","date_gmt":"2021-05-27T09:45:27","guid":{"rendered":"https:\/\/wholecelium.com\/?post_type=product&#038;p=85"},"modified":"2023-05-25T16:23:33","modified_gmt":"2023-05-25T14:23:33","slug":"psilocybe-hollandia","status":"publish","type":"product","link":"https:\/\/staging.wholecelium.com\/da\/shop\/magiske-trofler\/psilocybe-hollandia\/","title":{"rendered":"Psilocybe HOLLANDIA"},"content":{"rendered":"<p><strong>HOLLANDIA magiske tr\u00f8fler<\/strong><\/p>\n<p>&nbsp;<\/p>\n<blockquote><p>De magiske HOLLANDIA sclerotia tr\u00f8fler er relativt nye tr\u00f8fler, og de er de st\u00e6rkeste magiske tr\u00f8fler p\u00e5 jorden. Tr\u00f8flerne er dobbelt s\u00e5 st\u00e6rke som Mexicana-tr\u00f8flerne, og nogle gange sammenligner folk dem med den velkendte magiske svamp. Den visuelle tur er mere farverig, og du kan endda dele en portion med to personer. Disse magiske tr\u00f8fler har en mindre syrlig smag end de andre tr\u00f8fler. Som navnet antyder, er Hollandia blevet udviklet i Holland med en s\u00e6rlig teknik. Denne specielle tr\u00f8ffel er meget potent.<\/p><\/blockquote>\n<ul>\n<li><strong>Udflugt:<\/strong> Det st\u00e6rke trip fra Hollandia magiske tr\u00f8fler kan visuelt set meget godt sammenlignes med magiske svampe. G\u00e5 rundt udenfor og bliv inspireret af naturen og udvid dit sind.<\/li>\n<li><strong>Dosering:<\/strong> HOLLANDIA er magiske tr\u00f8fler for de professionelle, og du skal v\u00e6re forberedt. 5 - 10 gram: gode grin og sjov, afslappende body high 15 gram: dybere, indsigtsfuldt trip, visuelt og farverigt - dybe indsigter, med den rigtige dosis kan ego death opleves.<\/li>\n<\/ul>\n<p>Du kan finde alle mulige baggrundsoplysninger i vores <a href=\"https:\/\/staging.wholecelium.com\/da\/wiki\/magic-truffles-guide\/\">WIKI &gt; Manualer<\/a><\/p>","protected":false},"excerpt":{"rendered":"<p>\ud83c\udf3e 15 gr. \ud83e\udde0 85\/100<\/p>","protected":false},"featured_media":140,"comment_status":"closed","ping_status":"closed","template":"","meta":[],"product_cat":[23],"product_tag":[],"topics":[],"class_list":{"0":"post-85","1":"product","2":"type-product","3":"status-publish","4":"has-post-thumbnail","6":"product_cat-magic-truffles","8":"first","9":"instock","10":"shipping-taxable","11":"purchasable","12":"product-type-simple"},"tiered_pricing_type":"fixed","tiered_pricing_fixed_rules":[],"tiered_pricing_percentage_rules":[],"tiered_pricing_minimum":1,"_administrator_tiered_pricing_type":"fixed","_administrator_tiered_pricing_fixed_rules":[],"_editor_tiered_pricing_type":"fixed","_editor_tiered_pricing_fixed_rules":[],"_author_tiered_pricing_type":"fixed","_author_tiered_pricing_fixed_rules":[],"_contributor_tiered_pricing_type":"fixed","_contributor_tiered_pricing_fixed_rules":[],"_subscriber_tiered_pricing_type":"fixed","_subscriber_tiered_pricing_fixed_rules":[],"_customer_tiered_pricing_type":"fixed","_customer_tiered_pricing_fixed_rules":[],"_shop_manager_tiered_pricing_type":"fixed","_shop_manager_tiered_pricing_fixed_rules":[],"_custom_permalinks_manager_tiered_pricing_type":"fixed","_custom_permalinks_manager_tiered_pricing_fixed_rules":[],"_wpseo_manager_tiered_pricing_type":"fixed","_wpseo_manager_tiered_pricing_fixed_rules":[],"_wpseo_editor_tiered_pricing_type":"fixed","_wpseo_editor_tiered_pricing_fixed_rules":[],"_fdp_plugins_manager_tiered_pricing_type":"fixed","_fdp_plugins_manager_tiered_pricing_fixed_rules":[],"_fdp_plugins_viewer_tiered_pricing_type":"fixed","_fdp_plugins_viewer_tiered_pricing_fixed_rules":[],"_translator_tiered_pricing_type":"fixed","_translator_tiered_pricing_fixed_rules":[],"_links":{"self":[{"href":"https:\/\/staging.wholecelium.com\/da\/wp-json\/wp\/v2\/product\/85","targetHints":{"allow":["GET"]}}],"collection":[{"href":"https:\/\/staging.wholecelium.com\/da\/wp-json\/wp\/v2\/product"}],"about":[{"href":"https:\/\/staging.wholecelium.com\/da\/wp-json\/wp\/v2\/types\/product"}],"replies":[{"embeddable":true,"href":"https:\/\/staging.wholecelium.com\/da\/wp-json\/wp\/v2\/comments?post=85"}],"wp:featuredmedia":[{"embeddable":true,"href":"https:\/\/staging.wholecelium.com\/da\/wp-json\/wp\/v2\/media\/140"}],"wp:attachment":[{"href":"https:\/\/staging.wholecelium.com\/da\/wp-json\/wp\/v2\/media?parent=85"}],"wp:term":[{"taxonomy":"product_cat","embeddable":true,"href":"https:\/\/staging.wholecelium.com\/da\/wp-json\/wp\/v2\/product_cat?post=85"},{"taxonomy":"product_tag","embeddable":true,"href":"https:\/\/staging.wholecelium.com\/da\/wp-json\/wp\/v2\/product_tag?post=85"},{"taxonomy":"topics","embeddable":true,"href":"https:\/\/staging.wholecelium.com\/da\/wp-json\/wp\/v2\/topics?post=85"}],"curies":[{"name":"wp","href":"https:\/\/api.w.org\/{rel}","templated":true}]}}