{"id":97,"date":"2021-05-27T09:45:28","date_gmt":"2021-05-27T09:45:28","guid":{"rendered":"https:\/\/wholecelium.com\/?post_type=product&#038;p=97"},"modified":"2023-05-25T16:26:14","modified_gmt":"2023-05-25T14:26:14","slug":"truffles-family-pack-250-gr","status":"publish","type":"product","link":"https:\/\/staging.wholecelium.com\/de\/shop\/zaubertruffel\/truffel-familienpackung-250-gr\/","title":{"rendered":"Tr\u00fcffel - FAMILY-Pack (250 gr.)"},"content":{"rendered":"<p><strong>Magische Tr\u00fcffel - Familien-Pack<\/strong><\/p>\n<blockquote><p>Es gilt f\u00fcr die st\u00e4rkste Tr\u00fcffelsorte (w\u00e4hlen Sie aus dem Dropdown-Men\u00fc), Sie k\u00f6nnen also Maakali &amp; QuBit haben!<\/p>\n<p>Die Gro\u00dfpackung ist pro 250 Gramm verpackt (nicht pro 15 Gramm). Eine Familienpackung kann nicht mehr als 1 Tr\u00fcffelsorte enthalten. Wenn Sie jedoch 500 Gramm kaufen, k\u00f6nnen Sie 2 verschiedene Sorten w\u00e4hlen.<\/p><\/blockquote>\n<ul>\n<li>Allerlei Hintergrundinformationen finden Sie in unserem <a href=\"https:\/\/staging.wholecelium.com\/de\/wiki-categories\/manuals\/\">WIKI &gt; Handb\u00fccher<\/a><\/li>\n<\/ul>","protected":false},"excerpt":{"rendered":"<p>\ud83c\udf3e 250 gr. \ud83e\udde0 max 110\/100<\/p>","protected":false},"featured_media":201,"comment_status":"closed","ping_status":"closed","template":"","meta":[],"product_cat":[23],"product_tag":[],"topics":[],"class_list":{"0":"post-97","1":"product","2":"type-product","3":"status-publish","4":"has-post-thumbnail","6":"product_cat-magic-truffles","8":"first","9":"instock","10":"sale","11":"shipping-taxable","12":"purchasable","13":"product-type-variable"},"tiered_pricing_type":"fixed","tiered_pricing_fixed_rules":[],"tiered_pricing_percentage_rules":[],"tiered_pricing_minimum":1,"_administrator_tiered_pricing_type":"fixed","_administrator_tiered_pricing_fixed_rules":[],"_editor_tiered_pricing_type":"fixed","_editor_tiered_pricing_fixed_rules":[],"_author_tiered_pricing_type":"fixed","_author_tiered_pricing_fixed_rules":[],"_contributor_tiered_pricing_type":"fixed","_contributor_tiered_pricing_fixed_rules":[],"_subscriber_tiered_pricing_type":"fixed","_subscriber_tiered_pricing_fixed_rules":[],"_customer_tiered_pricing_type":"fixed","_customer_tiered_pricing_fixed_rules":[],"_shop_manager_tiered_pricing_type":"fixed","_shop_manager_tiered_pricing_fixed_rules":[],"_custom_permalinks_manager_tiered_pricing_type":"fixed","_custom_permalinks_manager_tiered_pricing_fixed_rules":[],"_wpseo_manager_tiered_pricing_type":"fixed","_wpseo_manager_tiered_pricing_fixed_rules":[],"_wpseo_editor_tiered_pricing_type":"fixed","_wpseo_editor_tiered_pricing_fixed_rules":[],"_fdp_plugins_manager_tiered_pricing_type":"fixed","_fdp_plugins_manager_tiered_pricing_fixed_rules":[],"_fdp_plugins_viewer_tiered_pricing_type":"fixed","_fdp_plugins_viewer_tiered_pricing_fixed_rules":[],"_translator_tiered_pricing_type":"fixed","_translator_tiered_pricing_fixed_rules":[],"_links":{"self":[{"href":"https:\/\/staging.wholecelium.com\/de\/wp-json\/wp\/v2\/product\/97","targetHints":{"allow":["GET"]}}],"collection":[{"href":"https:\/\/staging.wholecelium.com\/de\/wp-json\/wp\/v2\/product"}],"about":[{"href":"https:\/\/staging.wholecelium.com\/de\/wp-json\/wp\/v2\/types\/product"}],"replies":[{"embeddable":true,"href":"https:\/\/staging.wholecelium.com\/de\/wp-json\/wp\/v2\/comments?post=97"}],"wp:featuredmedia":[{"embeddable":true,"href":"https:\/\/staging.wholecelium.com\/de\/wp-json\/wp\/v2\/media\/201"}],"wp:attachment":[{"href":"https:\/\/staging.wholecelium.com\/de\/wp-json\/wp\/v2\/media?parent=97"}],"wp:term":[{"taxonomy":"product_cat","embeddable":true,"href":"https:\/\/staging.wholecelium.com\/de\/wp-json\/wp\/v2\/product_cat?post=97"},{"taxonomy":"product_tag","embeddable":true,"href":"https:\/\/staging.wholecelium.com\/de\/wp-json\/wp\/v2\/product_tag?post=97"},{"taxonomy":"topics","embeddable":true,"href":"https:\/\/staging.wholecelium.com\/de\/wp-json\/wp\/v2\/topics?post=97"}],"curies":[{"name":"wp","href":"https:\/\/api.w.org\/{rel}","templated":true}]}}