{"id":108854,"date":"2023-02-16T13:20:20","date_gmt":"2023-02-16T12:20:20","guid":{"rendered":"https:\/\/www.wholecelium.com\/?post_type=product&#038;p=108854"},"modified":"2023-03-23T13:52:29","modified_gmt":"2023-03-23T12:52:29","slug":"moby-dick-pf-tek-spore-vial","status":"publish","type":"product","link":"https:\/\/staging.wholecelium.com\/es\/shop\/pf-tek\/moby-dick-pf-tek-spore-vial\/","title":{"rendered":"Moby Dick - Ampolla de esporas PF Tek"},"content":{"rendered":"<p>La nueva especie de Psilocybe cubenses se llama Moby Dick. Moby Dick es el resultado de una mezcla gen\u00e9tica de dos extraordinarias cepas de hongos, <a href=\"https:\/\/staging.wholecelium.com\/es\/shop\/pf-tek\/a-albino-pf-tek-spore-vial\/\"><strong>Albino A+<\/strong><\/a> y <strong><a href=\"https:\/\/staging.wholecelium.com\/es\/shop\/pf-tek\/golden-teacher-pf-tek-spore-vial\/\">Profesor de oro<\/a>.<\/strong> El producto final es una seta peculiar con un color de sombrero notablemente p\u00e1lido. Los sombreros tienen un tinte azul claro que recuerda a un cad\u00e1ver o a un zombi flotando en el agua. Con frecuencia se rompen antes de que madure el cuerpo fruct\u00edfero. La base est\u00e1 cubierta de pelusa blanca, mientras que el tallo es carnoso y de aspecto marfil.<\/p>\n<blockquote><p>Estas setas tienen fama de tener potentes efectos filos\u00f3ficos y visuales que no te decepcionar\u00e1n. Tambi\u00e9n potencian significativamente tu creatividad y sensaci\u00f3n de felicidad. Sin duda, se aconseja a psiconautas experimentados porque es uno de los productos m\u00e1s potentes que existen.<\/p><\/blockquote>\n<p>No deje de consultar nuestra extensa\u00a0<strong><a href=\"https:\/\/staging.wholecelium.com\/es\/wiki\/manuales\/pf-tek-tutorial\/\">manual<\/a>\u00a0<\/strong>\u00a1en el cultivo de PF-Tek con nuestros viales de esporas!<br \/>\nNecesitar\u00e1s:<\/p>\n<ul>\n<li>Tarros de cristal (de boca lo m\u00e1s ancha posible para poder volver a sacar la tarta de sustrato).<\/li>\n<li>Vermiculita (un medio de cultivo, f\u00e1cil de encontrar en su jardiner\u00eda o ferreter\u00eda local).<\/li>\n<li>Harina de arroz integral (Se puede encontrar en los supermercados, especialmente en los que tienen un aire a Whole Foods)<\/li>\n<\/ul>","protected":false},"excerpt":{"rendered":"<p>\ud83c\udf3e hasta 500 gramos<\/p>","protected":false},"featured_media":94964,"comment_status":"open","ping_status":"closed","template":"","meta":[],"product_cat":[118],"product_tag":[95],"topics":[],"class_list":{"0":"post-108854","1":"product","2":"type-product","3":"status-publish","4":"has-post-thumbnail","6":"product_cat-pf-tek","7":"product_tag-pf-tek","9":"first","10":"instock","11":"sale","12":"shipping-taxable","13":"purchasable","14":"product-type-simple"},"tiered_pricing_type":"fixed","tiered_pricing_fixed_rules":[],"tiered_pricing_percentage_rules":[],"tiered_pricing_minimum":1,"_administrator_tiered_pricing_type":"fixed","_administrator_tiered_pricing_fixed_rules":[],"_editor_tiered_pricing_type":"fixed","_editor_tiered_pricing_fixed_rules":[],"_author_tiered_pricing_type":"fixed","_author_tiered_pricing_fixed_rules":[],"_contributor_tiered_pricing_type":"fixed","_contributor_tiered_pricing_fixed_rules":[],"_subscriber_tiered_pricing_type":"fixed","_subscriber_tiered_pricing_fixed_rules":[],"_customer_tiered_pricing_type":"fixed","_customer_tiered_pricing_fixed_rules":[],"_shop_manager_tiered_pricing_type":"fixed","_shop_manager_tiered_pricing_fixed_rules":[],"_custom_permalinks_manager_tiered_pricing_type":"fixed","_custom_permalinks_manager_tiered_pricing_fixed_rules":[],"_wpseo_manager_tiered_pricing_type":"fixed","_wpseo_manager_tiered_pricing_fixed_rules":[],"_wpseo_editor_tiered_pricing_type":"fixed","_wpseo_editor_tiered_pricing_fixed_rules":[],"_fdp_plugins_manager_tiered_pricing_type":"fixed","_fdp_plugins_manager_tiered_pricing_fixed_rules":[],"_fdp_plugins_viewer_tiered_pricing_type":"fixed","_fdp_plugins_viewer_tiered_pricing_fixed_rules":[],"_translator_tiered_pricing_type":"fixed","_translator_tiered_pricing_fixed_rules":[],"_links":{"self":[{"href":"https:\/\/staging.wholecelium.com\/es\/wp-json\/wp\/v2\/product\/108854","targetHints":{"allow":["GET"]}}],"collection":[{"href":"https:\/\/staging.wholecelium.com\/es\/wp-json\/wp\/v2\/product"}],"about":[{"href":"https:\/\/staging.wholecelium.com\/es\/wp-json\/wp\/v2\/types\/product"}],"replies":[{"embeddable":true,"href":"https:\/\/staging.wholecelium.com\/es\/wp-json\/wp\/v2\/comments?post=108854"}],"wp:featuredmedia":[{"embeddable":true,"href":"https:\/\/staging.wholecelium.com\/es\/wp-json\/wp\/v2\/media\/94964"}],"wp:attachment":[{"href":"https:\/\/staging.wholecelium.com\/es\/wp-json\/wp\/v2\/media?parent=108854"}],"wp:term":[{"taxonomy":"product_cat","embeddable":true,"href":"https:\/\/staging.wholecelium.com\/es\/wp-json\/wp\/v2\/product_cat?post=108854"},{"taxonomy":"product_tag","embeddable":true,"href":"https:\/\/staging.wholecelium.com\/es\/wp-json\/wp\/v2\/product_tag?post=108854"},{"taxonomy":"topics","embeddable":true,"href":"https:\/\/staging.wholecelium.com\/es\/wp-json\/wp\/v2\/topics?post=108854"}],"curies":[{"name":"wp","href":"https:\/\/api.w.org\/{rel}","templated":true}]}}