{"id":77,"date":"2021-05-27T09:45:26","date_gmt":"2021-05-27T09:45:26","guid":{"rendered":"https:\/\/wholecelium.com\/?post_type=product&#038;p=77"},"modified":"2023-05-25T16:18:06","modified_gmt":"2023-05-25T14:18:06","slug":"microdosing-xp-psilocybin-combo-3-str","status":"publish","type":"product","link":"https:\/\/staging.wholecelium.com\/et\/shop\/microdosing-psilotsubiin\/microdosing-xp-psilocybin-combo-2-str\/","title":{"rendered":"MIKRODOSING 'XP' Psilocybin - COMBO (3 str.)"},"content":{"rendered":"<p><span style=\"color: #f79646;\">Topeltpakett<\/span> <span style=\"color: #f79646;\">\u00e4\u00e4rmiselt <\/span><em><span style=\"color: #f79646;\">hea hinnaga<\/span> <\/em><\/p>\n<blockquote><p>3 x 6 mikrodoosi 1 grammi psilots\u00fcbiini tr\u00fchvlit ribade kohta.<\/p>\n<p>See ei vii teid s\u00fcgavale ps\u00fchhedeelsele reisile, kuid suurendab loovust ja meeleolu.<\/p>\n<p>Teie meeled taask\u00e4ivitatakse<\/p><\/blockquote>\n<ul>\n<li>Soovitame kasutada 1 grammi iga 3. p\u00e4ev enne keskp\u00e4eva.<br \/>\nselle sagedamini v\u00f5tmine annab v\u00e4hem tulemusi.<\/li>\n<li>Psilots\u00fcbiini mikrodoos on usaldusv\u00e4\u00e4rsem ja tasakaalustatum aine kui psiilots\u00fcbiini pillide annus.<\/li>\n<\/ul>\n<p>Igasugust taustateavet psiilots\u00fcbiini kohta v\u00f5ib leida meie <a href=\"https:\/\/staging.wholecelium.com\/et\/wiki\/kasiraamatud\/microdosing-juhend\/\">WIKI - K\u00e4siraamatud<\/a><\/p>","protected":false},"excerpt":{"rendered":"<p>Lihtne pakendada, hea <strong>6 n\u00e4dalat<\/strong> mikrodoseerimine<\/p>","protected":false},"featured_media":114847,"comment_status":"closed","ping_status":"closed","template":"","meta":[],"product_cat":[21],"product_tag":[],"topics":[],"class_list":{"0":"post-77","1":"product","2":"type-product","3":"status-publish","4":"has-post-thumbnail","6":"product_cat-microdosing-psilocybin","8":"first","9":"instock","10":"sale","11":"featured","12":"shipping-taxable","13":"purchasable","14":"product-type-simple"},"tiered_pricing_type":"fixed","tiered_pricing_fixed_rules":[],"tiered_pricing_percentage_rules":[],"tiered_pricing_minimum":1,"_administrator_tiered_pricing_type":"fixed","_administrator_tiered_pricing_fixed_rules":[],"_editor_tiered_pricing_type":"fixed","_editor_tiered_pricing_fixed_rules":[],"_author_tiered_pricing_type":"fixed","_author_tiered_pricing_fixed_rules":[],"_contributor_tiered_pricing_type":"fixed","_contributor_tiered_pricing_fixed_rules":[],"_subscriber_tiered_pricing_type":"fixed","_subscriber_tiered_pricing_fixed_rules":[],"_customer_tiered_pricing_type":"fixed","_customer_tiered_pricing_fixed_rules":[],"_shop_manager_tiered_pricing_type":"fixed","_shop_manager_tiered_pricing_fixed_rules":[],"_custom_permalinks_manager_tiered_pricing_type":"fixed","_custom_permalinks_manager_tiered_pricing_fixed_rules":[],"_wpseo_manager_tiered_pricing_type":"fixed","_wpseo_manager_tiered_pricing_fixed_rules":[],"_wpseo_editor_tiered_pricing_type":"fixed","_wpseo_editor_tiered_pricing_fixed_rules":[],"_fdp_plugins_manager_tiered_pricing_type":"fixed","_fdp_plugins_manager_tiered_pricing_fixed_rules":[],"_fdp_plugins_viewer_tiered_pricing_type":"fixed","_fdp_plugins_viewer_tiered_pricing_fixed_rules":[],"_translator_tiered_pricing_type":"fixed","_translator_tiered_pricing_fixed_rules":[],"_links":{"self":[{"href":"https:\/\/staging.wholecelium.com\/et\/wp-json\/wp\/v2\/product\/77","targetHints":{"allow":["GET"]}}],"collection":[{"href":"https:\/\/staging.wholecelium.com\/et\/wp-json\/wp\/v2\/product"}],"about":[{"href":"https:\/\/staging.wholecelium.com\/et\/wp-json\/wp\/v2\/types\/product"}],"replies":[{"embeddable":true,"href":"https:\/\/staging.wholecelium.com\/et\/wp-json\/wp\/v2\/comments?post=77"}],"wp:featuredmedia":[{"embeddable":true,"href":"https:\/\/staging.wholecelium.com\/et\/wp-json\/wp\/v2\/media\/114847"}],"wp:attachment":[{"href":"https:\/\/staging.wholecelium.com\/et\/wp-json\/wp\/v2\/media?parent=77"}],"wp:term":[{"taxonomy":"product_cat","embeddable":true,"href":"https:\/\/staging.wholecelium.com\/et\/wp-json\/wp\/v2\/product_cat?post=77"},{"taxonomy":"product_tag","embeddable":true,"href":"https:\/\/staging.wholecelium.com\/et\/wp-json\/wp\/v2\/product_tag?post=77"},{"taxonomy":"topics","embeddable":true,"href":"https:\/\/staging.wholecelium.com\/et\/wp-json\/wp\/v2\/topics?post=77"}],"curies":[{"name":"wp","href":"https:\/\/api.w.org\/{rel}","templated":true}]}}