{"id":95,"date":"2021-05-27T09:45:28","date_gmt":"2021-05-27T09:45:28","guid":{"rendered":"https:\/\/wholecelium.com\/?post_type=product&#038;p=95"},"modified":"2023-05-25T16:31:37","modified_gmt":"2023-05-25T14:31:37","slug":"shrooma-ohm-kit","status":"publish","type":"product","link":"https:\/\/staging.wholecelium.com\/et\/shop\/magic-mushroom-grow-kits\/shrooma-ohm-kit\/","title":{"rendered":"Shrooma 'OHM' komplekt"},"content":{"rendered":"<p><strong>Shrooma 'OHM' komplekt<\/strong><\/p>\n<blockquote><p>See eelkasvatatud m\u00fctseli kasvukomplekt v\u00f5ib toota kuni 350 grammi v\u00e4rskeid Magic Mushrooms !<br \/>\nValige oma liik\/liik rippmen\u00fc\u00fcst. <em>(\"segu\" on m\u00f5eldud 2 v\u00f5i enama kasvukomplekti tellimisel)<\/em><\/p><\/blockquote>\n<ul>\n<li>Igasugust taustateavet saab leida meie veebisaidil <a href=\"https:\/\/staging.wholecelium.com\/et\/wiki\/kasiraamatud\/grow-kit-tutorial\u200b\/\"><strong>WIKI<\/strong> &gt; K\u00e4siraamatud<\/a><\/li>\n<li>\u00dcksikasjaliku videojuhendi saamiseks vaadake meie <span class=\"wistia_embed wistia_async_2cemuvvmww popover=true popoverContent=link\" style=\"display: inline; position: relative;\"><a href=\"#\">Video\u00f5petus<\/a><\/span><\/li>\n<\/ul>","protected":false},"excerpt":{"rendered":"<p>\ud83c\udf3e kuni 350 gr.<\/p>","protected":false},"featured_media":190,"comment_status":"closed","ping_status":"closed","template":"","meta":[],"product_cat":[20],"product_tag":[],"topics":[],"class_list":{"0":"post-95","1":"product","2":"type-product","3":"status-publish","4":"has-post-thumbnail","6":"product_cat-magic-mushroom-grow-kits","8":"first","9":"instock","10":"sale","11":"shipping-taxable","12":"purchasable","13":"product-type-variable","14":"has-default-attributes"},"tiered_pricing_type":"fixed","tiered_pricing_fixed_rules":[],"tiered_pricing_percentage_rules":[],"tiered_pricing_minimum":1,"_administrator_tiered_pricing_type":"fixed","_administrator_tiered_pricing_fixed_rules":[],"_editor_tiered_pricing_type":"fixed","_editor_tiered_pricing_fixed_rules":[],"_author_tiered_pricing_type":"fixed","_author_tiered_pricing_fixed_rules":[],"_contributor_tiered_pricing_type":"fixed","_contributor_tiered_pricing_fixed_rules":[],"_subscriber_tiered_pricing_type":"fixed","_subscriber_tiered_pricing_fixed_rules":[],"_customer_tiered_pricing_type":"fixed","_customer_tiered_pricing_fixed_rules":[],"_shop_manager_tiered_pricing_type":"fixed","_shop_manager_tiered_pricing_fixed_rules":[],"_custom_permalinks_manager_tiered_pricing_type":"fixed","_custom_permalinks_manager_tiered_pricing_fixed_rules":[],"_wpseo_manager_tiered_pricing_type":"fixed","_wpseo_manager_tiered_pricing_fixed_rules":[],"_wpseo_editor_tiered_pricing_type":"fixed","_wpseo_editor_tiered_pricing_fixed_rules":[],"_fdp_plugins_manager_tiered_pricing_type":"fixed","_fdp_plugins_manager_tiered_pricing_fixed_rules":[],"_fdp_plugins_viewer_tiered_pricing_type":"fixed","_fdp_plugins_viewer_tiered_pricing_fixed_rules":[],"_translator_tiered_pricing_type":"fixed","_translator_tiered_pricing_fixed_rules":[],"_links":{"self":[{"href":"https:\/\/staging.wholecelium.com\/et\/wp-json\/wp\/v2\/product\/95","targetHints":{"allow":["GET"]}}],"collection":[{"href":"https:\/\/staging.wholecelium.com\/et\/wp-json\/wp\/v2\/product"}],"about":[{"href":"https:\/\/staging.wholecelium.com\/et\/wp-json\/wp\/v2\/types\/product"}],"replies":[{"embeddable":true,"href":"https:\/\/staging.wholecelium.com\/et\/wp-json\/wp\/v2\/comments?post=95"}],"wp:featuredmedia":[{"embeddable":true,"href":"https:\/\/staging.wholecelium.com\/et\/wp-json\/wp\/v2\/media\/190"}],"wp:attachment":[{"href":"https:\/\/staging.wholecelium.com\/et\/wp-json\/wp\/v2\/media?parent=95"}],"wp:term":[{"taxonomy":"product_cat","embeddable":true,"href":"https:\/\/staging.wholecelium.com\/et\/wp-json\/wp\/v2\/product_cat?post=95"},{"taxonomy":"product_tag","embeddable":true,"href":"https:\/\/staging.wholecelium.com\/et\/wp-json\/wp\/v2\/product_tag?post=95"},{"taxonomy":"topics","embeddable":true,"href":"https:\/\/staging.wholecelium.com\/et\/wp-json\/wp\/v2\/topics?post=95"}],"curies":[{"name":"wp","href":"https:\/\/api.w.org\/{rel}","templated":true}]}}