{"id":108868,"date":"2023-02-16T13:50:14","date_gmt":"2023-02-16T12:50:14","guid":{"rendered":"https:\/\/www.wholecelium.com\/?post_type=product&#038;p=108868"},"modified":"2023-03-23T13:40:22","modified_gmt":"2023-03-23T12:40:22","slug":"cambodians-pf-tek-spore-vial","status":"publish","type":"product","link":"https:\/\/staging.wholecelium.com\/fi\/shop\/pf-tek\/cambodians-pf-tek-spore-vial\/","title":{"rendered":"Kambodzhalaiset - PF Tek Spore Vial (iti\u00f6pullo)"},"content":{"rendered":"<p>Legendan mukaan Angkor Watin temppeliss\u00e4, joka on yksi historian suurimmista uskonnollisista temppeleist\u00e4, asuneet uskonnolliset johtajat k\u00e4yttiv\u00e4t Kambod\u017ean kantaan kuuluvia esi-is\u00e4kantoja. T\u00e4m\u00e4n kannan alkuper\u00e4inen n\u00e4yte l\u00f6ydettiin 1100-luvulla rakennetun temppelin l\u00e4helt\u00e4.<\/p>\n<blockquote><p>T\u00e4m\u00e4n lajikkeen vaikutukset ovat yleens\u00e4 voimakkaita, ja ne v\u00e4\u00e4rist\u00e4v\u00e4t hieman visuaalista kuvaa ja lis\u00e4\u00e4v\u00e4t luovaa inspiraatiota. Jos haluat sienilajikkeen, joka voi lis\u00e4t\u00e4 tuottavuutta ja kannustaa filosofisiin pohdintoihin, kambod\u017ealainen kanta voi olla juuri sit\u00e4, mit\u00e4 tarvitset.<\/p><\/blockquote>\n<p>Varmista, ett\u00e4 tutustut laajaan\u00a0<strong><a href=\"https:\/\/staging.wholecelium.com\/fi\/wiki\/kasikirjat\/pf-tek-tutorial\/\">manuaalinen<\/a>\u00a0<\/strong>PF-Tekin kasvattamisesta iti\u00f6pulloillamme!<br \/>\nTarvitset:<\/p>\n<ul>\n<li>Lasipurkkeja (mahdollisimman leve\u00e4 suu, jotta voit saada substraattikakun takaisin ulos).<\/li>\n<li>Vermikuliitti (kasvualusta, jota on helppo l\u00f6yt\u00e4\u00e4 paikallisesta puutarha- tai rautakaupasta).<\/li>\n<li>Ruskeaa riisijauhoa (l\u00f6ytyy supermarketeista, erityisesti Whole Foods -tyylisist\u00e4).<\/li>\n<\/ul>","protected":false},"excerpt":{"rendered":"<p>\ud83c\udf3e enint\u00e4\u00e4n 500 grammaa<\/p>","protected":false},"featured_media":94964,"comment_status":"open","ping_status":"closed","template":"","meta":[],"product_cat":[118],"product_tag":[95],"topics":[],"class_list":{"0":"post-108868","1":"product","2":"type-product","3":"status-publish","4":"has-post-thumbnail","6":"product_cat-pf-tek","7":"product_tag-pf-tek","9":"first","10":"instock","11":"sale","12":"shipping-taxable","13":"purchasable","14":"product-type-simple"},"tiered_pricing_type":"fixed","tiered_pricing_fixed_rules":[],"tiered_pricing_percentage_rules":[],"tiered_pricing_minimum":1,"_administrator_tiered_pricing_type":"fixed","_administrator_tiered_pricing_fixed_rules":[],"_editor_tiered_pricing_type":"fixed","_editor_tiered_pricing_fixed_rules":[],"_author_tiered_pricing_type":"fixed","_author_tiered_pricing_fixed_rules":[],"_contributor_tiered_pricing_type":"fixed","_contributor_tiered_pricing_fixed_rules":[],"_subscriber_tiered_pricing_type":"fixed","_subscriber_tiered_pricing_fixed_rules":[],"_customer_tiered_pricing_type":"fixed","_customer_tiered_pricing_fixed_rules":[],"_shop_manager_tiered_pricing_type":"fixed","_shop_manager_tiered_pricing_fixed_rules":[],"_custom_permalinks_manager_tiered_pricing_type":"fixed","_custom_permalinks_manager_tiered_pricing_fixed_rules":[],"_wpseo_manager_tiered_pricing_type":"fixed","_wpseo_manager_tiered_pricing_fixed_rules":[],"_wpseo_editor_tiered_pricing_type":"fixed","_wpseo_editor_tiered_pricing_fixed_rules":[],"_fdp_plugins_manager_tiered_pricing_type":"fixed","_fdp_plugins_manager_tiered_pricing_fixed_rules":[],"_fdp_plugins_viewer_tiered_pricing_type":"fixed","_fdp_plugins_viewer_tiered_pricing_fixed_rules":[],"_translator_tiered_pricing_type":"fixed","_translator_tiered_pricing_fixed_rules":[],"_links":{"self":[{"href":"https:\/\/staging.wholecelium.com\/fi\/wp-json\/wp\/v2\/product\/108868","targetHints":{"allow":["GET"]}}],"collection":[{"href":"https:\/\/staging.wholecelium.com\/fi\/wp-json\/wp\/v2\/product"}],"about":[{"href":"https:\/\/staging.wholecelium.com\/fi\/wp-json\/wp\/v2\/types\/product"}],"replies":[{"embeddable":true,"href":"https:\/\/staging.wholecelium.com\/fi\/wp-json\/wp\/v2\/comments?post=108868"}],"wp:featuredmedia":[{"embeddable":true,"href":"https:\/\/staging.wholecelium.com\/fi\/wp-json\/wp\/v2\/media\/94964"}],"wp:attachment":[{"href":"https:\/\/staging.wholecelium.com\/fi\/wp-json\/wp\/v2\/media?parent=108868"}],"wp:term":[{"taxonomy":"product_cat","embeddable":true,"href":"https:\/\/staging.wholecelium.com\/fi\/wp-json\/wp\/v2\/product_cat?post=108868"},{"taxonomy":"product_tag","embeddable":true,"href":"https:\/\/staging.wholecelium.com\/fi\/wp-json\/wp\/v2\/product_tag?post=108868"},{"taxonomy":"topics","embeddable":true,"href":"https:\/\/staging.wholecelium.com\/fi\/wp-json\/wp\/v2\/topics?post=108868"}],"curies":[{"name":"wp","href":"https:\/\/api.w.org\/{rel}","templated":true}]}}