{"id":108869,"date":"2023-02-16T13:52:20","date_gmt":"2023-02-16T12:52:20","guid":{"rendered":"https:\/\/www.wholecelium.com\/?post_type=product&#038;p=108869"},"modified":"2023-03-30T12:42:31","modified_gmt":"2023-03-30T10:42:31","slug":"mazatapec-pf-tek-spore-vial","status":"publish","type":"product","link":"https:\/\/staging.wholecelium.com\/fi\/shop\/pf-tek\/mazatapec-pf-tek-spore-vial\/","title":{"rendered":"Mazatapec - PF Tek iti\u00f6em\u00e4pullo"},"content":{"rendered":"<p>Nimi \"Mazatapec\" on periaatteessa kirjoitusvirhe, joka on ollut olemassa jo i\u00e4t ja ajat. T\u00e4m\u00e4 kanta on itse asiassa per\u00e4isin meksikolaiselta Mazatec-kansalta, joka on kotoisin Oaxacan vuoristosta. He toivat taikasienet maailmaan, ja kanta oli tarkoitus nimet\u00e4 heid\u00e4n mukaansa. Mutta jossain vaiheessa joku lis\u00e4si vahingossa pari ylim\u00e4\u00e4r\u00e4ist\u00e4 kirjainta, ja kun sit\u00e4 yritettiin korjata, oli jo liian my\u00f6h\u00e4ist\u00e4. Kaikki k\u00e4yttiv\u00e4t jo sekavaa nime\u00e4 ja p\u00e4\u00e4ttiv\u00e4t ottaa sen k\u00e4ytt\u00f6\u00f6n.<\/p>\n<blockquote><p>Jos etsit syv\u00e4llist\u00e4 ja henkist\u00e4 matkaa, Mazatapec-kanta voi vied\u00e4 sinut sinne. Sen tiedet\u00e4\u00e4n antavan sinulle voimakasta iloa, euforiaa ja trippi\u00e4, ja se voi tehd\u00e4 v\u00e4reist\u00e4 eloisampia kuin koskaan. T\u00e4m\u00e4 sieni on t\u00e4ydellinen, jos haluat saada yhteyden henkiseen puoleesi.<\/p><\/blockquote>\n<p>Varmista, ett\u00e4 tutustut laajaan\u00a0<strong><a href=\"https:\/\/staging.wholecelium.com\/fi\/wiki\/kasikirjat\/pf-tek-tutorial\/\">manuaalinen<\/a>\u00a0<\/strong>PF-Tekin kasvattamisesta iti\u00f6pulloillamme!<br \/>\nTarvitset:<\/p>\n<ul>\n<li>Lasipurkkeja (mahdollisimman leve\u00e4 suu, jotta voit saada substraattikakun takaisin ulos).<\/li>\n<li>Vermikuliitti (kasvualusta, jota on helppo l\u00f6yt\u00e4\u00e4 paikallisesta puutarha- tai rautakaupasta).<\/li>\n<li>Ruskeaa riisijauhoa (l\u00f6ytyy supermarketeista, erityisesti Whole Foods -tyylisist\u00e4).<\/li>\n<\/ul>","protected":false},"excerpt":{"rendered":"<p>\ud83c\udf3e enint\u00e4\u00e4n 500 grammaa<\/p>","protected":false},"featured_media":94964,"comment_status":"open","ping_status":"closed","template":"","meta":[],"product_cat":[118],"product_tag":[95],"topics":[],"class_list":{"0":"post-108869","1":"product","2":"type-product","3":"status-publish","4":"has-post-thumbnail","6":"product_cat-pf-tek","7":"product_tag-pf-tek","9":"first","10":"instock","11":"sale","12":"shipping-taxable","13":"purchasable","14":"product-type-simple"},"tiered_pricing_type":"fixed","tiered_pricing_fixed_rules":[],"tiered_pricing_percentage_rules":[],"tiered_pricing_minimum":1,"_administrator_tiered_pricing_type":"fixed","_administrator_tiered_pricing_fixed_rules":[],"_editor_tiered_pricing_type":"fixed","_editor_tiered_pricing_fixed_rules":[],"_author_tiered_pricing_type":"fixed","_author_tiered_pricing_fixed_rules":[],"_contributor_tiered_pricing_type":"fixed","_contributor_tiered_pricing_fixed_rules":[],"_subscriber_tiered_pricing_type":"fixed","_subscriber_tiered_pricing_fixed_rules":[],"_customer_tiered_pricing_type":"fixed","_customer_tiered_pricing_fixed_rules":[],"_shop_manager_tiered_pricing_type":"fixed","_shop_manager_tiered_pricing_fixed_rules":[],"_custom_permalinks_manager_tiered_pricing_type":"fixed","_custom_permalinks_manager_tiered_pricing_fixed_rules":[],"_wpseo_manager_tiered_pricing_type":"fixed","_wpseo_manager_tiered_pricing_fixed_rules":[],"_wpseo_editor_tiered_pricing_type":"fixed","_wpseo_editor_tiered_pricing_fixed_rules":[],"_fdp_plugins_manager_tiered_pricing_type":"fixed","_fdp_plugins_manager_tiered_pricing_fixed_rules":[],"_fdp_plugins_viewer_tiered_pricing_type":"fixed","_fdp_plugins_viewer_tiered_pricing_fixed_rules":[],"_translator_tiered_pricing_type":"fixed","_translator_tiered_pricing_fixed_rules":[],"_links":{"self":[{"href":"https:\/\/staging.wholecelium.com\/fi\/wp-json\/wp\/v2\/product\/108869","targetHints":{"allow":["GET"]}}],"collection":[{"href":"https:\/\/staging.wholecelium.com\/fi\/wp-json\/wp\/v2\/product"}],"about":[{"href":"https:\/\/staging.wholecelium.com\/fi\/wp-json\/wp\/v2\/types\/product"}],"replies":[{"embeddable":true,"href":"https:\/\/staging.wholecelium.com\/fi\/wp-json\/wp\/v2\/comments?post=108869"}],"wp:featuredmedia":[{"embeddable":true,"href":"https:\/\/staging.wholecelium.com\/fi\/wp-json\/wp\/v2\/media\/94964"}],"wp:attachment":[{"href":"https:\/\/staging.wholecelium.com\/fi\/wp-json\/wp\/v2\/media?parent=108869"}],"wp:term":[{"taxonomy":"product_cat","embeddable":true,"href":"https:\/\/staging.wholecelium.com\/fi\/wp-json\/wp\/v2\/product_cat?post=108869"},{"taxonomy":"product_tag","embeddable":true,"href":"https:\/\/staging.wholecelium.com\/fi\/wp-json\/wp\/v2\/product_tag?post=108869"},{"taxonomy":"topics","embeddable":true,"href":"https:\/\/staging.wholecelium.com\/fi\/wp-json\/wp\/v2\/topics?post=108869"}],"curies":[{"name":"wp","href":"https:\/\/api.w.org\/{rel}","templated":true}]}}