{"id":76,"date":"2021-05-27T09:45:26","date_gmt":"2021-05-27T09:45:26","guid":{"rendered":"https:\/\/wholecelium.com\/?post_type=product&#038;p=76"},"modified":"2023-04-19T10:15:31","modified_gmt":"2023-04-19T08:15:31","slug":"heating-mat-for-shroomkits","status":"publish","type":"product","link":"https:\/\/staging.wholecelium.com\/hu\/shop\/varazsgomba-noveszto-keszletek\/futoszonyeg-gombakeszletekhez\/","title":{"rendered":"F\u0171t\u0151sz\u0151nyeg (shroomkitshez)"},"content":{"rendered":"<p>A termeszt\u0151k\u00e9szleteknek el\u0151ny\u00f6s lehet egy f\u0171t\u0151sz\u0151nyeg, mint ind\u00edt\u00f3elem (ha 18 \u00b0C alatt van).<\/p>\n<p>&nbsp;<\/p>\n<blockquote><p>Soha ne tegye a termeszt\u0151k\u00e9szletet k\u00f6zvetlen\u00fcl a f\u0171t\u0151sz\u0151nyegre. Mindig tegyen valamit k\u00f6z\u00e9j\u00fck, hogy \"szell\u0151zz\u00f6n\". P\u00e9ld\u00e1ul egy \u00f6sszehajtogatott t\u00f6r\u00fclk\u00f6z\u0151t. Ha a termeszt\u0151k\u00e9szletet t\u00fal sok k\u00f6zvetlen h\u0151 \u00e9ri a f\u0171t\u0151sz\u0151nyegr\u0151l, a mic\u00e9lium elvesz\u00edti az \u00f6sszes nedvess\u00e9g\u00e9t. Haszn\u00e1lja a f\u0171t\u0151sz\u0151nyeget a <span style=\"color: #c0504d;\"><span style=\"color: #e36c09;\">CSAK AZ ELS\u0150 2 NAP<\/span><\/span>, k\u00f6zvetlen\u00fcl a k\u00e9szlet be\u00e1ll\u00edt\u00e1sa ut\u00e1n. 2 nap eltelt\u00e9vel a termeszt\u0151k\u00e9szlet beindul, \u00e9s m\u00e1r nincs sz\u00fcks\u00e9ge extra f\u0171t\u00e9sre.<br \/>\nHa 2 napn\u00e1l tov\u00e1bb haszn\u00e1lja, a t\u00e9gla t\u00fals\u00e1gosan kisz\u00e1radhat. Ez\u00e9rt nem lehet gomb\u00e1t termeszteni. Ez az elektromos k\u00e9sz\u00fcl\u00e9k euro-dug\u00f3t haszn\u00e1l Aj\u00e1nlott a f\u0171t\u0151sz\u0151nyeggel egy\u00fctt egy mic\u00e9lium h\u0151m\u00e9r\u0151t is beszerezni.<\/p><\/blockquote>","protected":false},"excerpt":{"rendered":"<p>A termeszt\u0151k\u00e9szleteknek el\u0151ny\u00f6s lehet egy f\u0171t\u0151sz\u0151nyeg, mint ind\u00edt\u00f3elem (ha 18 \u00b0C alatt van).   Soha ne tegye a termeszt\u0151k\u00e9szletet k\u00f6zvetlen\u00fcl a f\u0171t\u0151sz\u0151nyegre. Mindig tegyen valamit k\u00f6z\u00e9j\u00fck, hogy \"szell\u0151zz\u00f6n\". P\u00e9ld\u00e1ul egy \u00f6sszehajtogatott t\u00f6r\u00f6lk\u00f6z\u0151t. Ha a termeszt\u0151k\u00e9szlet t\u00fal sok k\u00f6zvetlen h\u0151t kap a f\u0171t\u0151sz\u0151nyegr\u0151l, a mic\u00e9lium elvesz\u00edti [...].<\/p>","protected":false},"featured_media":106,"comment_status":"closed","ping_status":"closed","template":"","meta":[],"product_cat":[20],"product_tag":[],"topics":[],"class_list":{"0":"post-76","1":"product","2":"type-product","3":"status-publish","4":"has-post-thumbnail","6":"product_cat-magic-mushroom-grow-kits","8":"first","9":"instock","10":"shipping-taxable","11":"purchasable","12":"product-type-variable"},"tiered_pricing_type":"fixed","tiered_pricing_fixed_rules":[],"tiered_pricing_percentage_rules":[],"tiered_pricing_minimum":1,"_administrator_tiered_pricing_type":"fixed","_administrator_tiered_pricing_fixed_rules":[],"_editor_tiered_pricing_type":"fixed","_editor_tiered_pricing_fixed_rules":[],"_author_tiered_pricing_type":"fixed","_author_tiered_pricing_fixed_rules":[],"_contributor_tiered_pricing_type":"fixed","_contributor_tiered_pricing_fixed_rules":[],"_subscriber_tiered_pricing_type":"fixed","_subscriber_tiered_pricing_fixed_rules":[],"_customer_tiered_pricing_type":"fixed","_customer_tiered_pricing_fixed_rules":[],"_shop_manager_tiered_pricing_type":"fixed","_shop_manager_tiered_pricing_fixed_rules":[],"_custom_permalinks_manager_tiered_pricing_type":"fixed","_custom_permalinks_manager_tiered_pricing_fixed_rules":[],"_wpseo_manager_tiered_pricing_type":"fixed","_wpseo_manager_tiered_pricing_fixed_rules":[],"_wpseo_editor_tiered_pricing_type":"fixed","_wpseo_editor_tiered_pricing_fixed_rules":[],"_fdp_plugins_manager_tiered_pricing_type":"fixed","_fdp_plugins_manager_tiered_pricing_fixed_rules":[],"_fdp_plugins_viewer_tiered_pricing_type":"fixed","_fdp_plugins_viewer_tiered_pricing_fixed_rules":[],"_translator_tiered_pricing_type":"fixed","_translator_tiered_pricing_fixed_rules":[],"_links":{"self":[{"href":"https:\/\/staging.wholecelium.com\/hu\/wp-json\/wp\/v2\/product\/76","targetHints":{"allow":["GET"]}}],"collection":[{"href":"https:\/\/staging.wholecelium.com\/hu\/wp-json\/wp\/v2\/product"}],"about":[{"href":"https:\/\/staging.wholecelium.com\/hu\/wp-json\/wp\/v2\/types\/product"}],"replies":[{"embeddable":true,"href":"https:\/\/staging.wholecelium.com\/hu\/wp-json\/wp\/v2\/comments?post=76"}],"wp:featuredmedia":[{"embeddable":true,"href":"https:\/\/staging.wholecelium.com\/hu\/wp-json\/wp\/v2\/media\/106"}],"wp:attachment":[{"href":"https:\/\/staging.wholecelium.com\/hu\/wp-json\/wp\/v2\/media?parent=76"}],"wp:term":[{"taxonomy":"product_cat","embeddable":true,"href":"https:\/\/staging.wholecelium.com\/hu\/wp-json\/wp\/v2\/product_cat?post=76"},{"taxonomy":"product_tag","embeddable":true,"href":"https:\/\/staging.wholecelium.com\/hu\/wp-json\/wp\/v2\/product_tag?post=76"},{"taxonomy":"topics","embeddable":true,"href":"https:\/\/staging.wholecelium.com\/hu\/wp-json\/wp\/v2\/topics?post=76"}],"curies":[{"name":"wp","href":"https:\/\/api.w.org\/{rel}","templated":true}]}}