{"id":93,"date":"2021-05-27T09:45:28","date_gmt":"2021-05-27T09:45:28","guid":{"rendered":"https:\/\/wholecelium.com\/?post_type=product&#038;p=93"},"modified":"2023-05-25T16:32:17","modified_gmt":"2023-05-25T14:32:17","slug":"psilove-mega-kit","status":"publish","type":"product","link":"https:\/\/staging.wholecelium.com\/hu\/shop\/varazsgomba-noveszto-keszletek\/psilove-mega-kit\/","title":{"rendered":"Psilove 'MEGA' k\u00e9szlet"},"content":{"rendered":"<p><strong>A MEGA k\u00e9szlet<\/strong><\/p>\n<blockquote><p>Ez az el\u0151nevelt mic\u00e9liumos var\u00e1zsgomba termeszt\u0151 k\u00e9szlet ak\u00e1r 600 gramm var\u00e1zsgomb\u00e1t is k\u00e9pes el\u0151\u00e1ll\u00edtani !<br \/>\nV\u00e1lassza ki a t\u00edpust\/fajt\u00e1t a leg\u00f6rd\u00fcl\u0151 men\u00fcben (\"kever\u00e9k\" akkor, ha 2 vagy t\u00f6bb termeszt\u00e9si k\u00e9szletet rendel).<\/p><\/blockquote>\n<p>&nbsp;<\/p>\n<ul>\n<li>Mindenf\u00e9le h\u00e1tt\u00e9r-inform\u00e1ci\u00f3 megtal\u00e1lhat\u00f3 a mi <a href=\"https:\/\/staging.wholecelium.com\/hu\/wiki\/kezikonyvek\/grow-kit-tutorial\u200b\/\"><strong>WIKI<\/strong> &gt; K\u00e9zik\u00f6nyvek<\/a><\/li>\n<li>Egy r\u00e9szletes vide\u00f3s \u00fatmutat\u00f3\u00e9rt k\u00e9rj\u00fck, tekintse meg a <span class=\"wistia_embed wistia_async_2cemuvvmww popover=true popoverContent=link\" style=\"display: inline; position: relative;\"><a href=\"#\">Vide\u00f3 oktat\u00f3vide\u00f3<\/a><\/span><\/li>\n<\/ul>","protected":false},"excerpt":{"rendered":"<p>\ud83c\udf3e ak\u00e1r 600 gr.<\/p>","protected":false},"featured_media":184,"comment_status":"closed","ping_status":"closed","template":"","meta":[],"product_cat":[20],"product_tag":[],"topics":[],"class_list":{"0":"post-93","1":"product","2":"type-product","3":"status-publish","4":"has-post-thumbnail","6":"product_cat-magic-mushroom-grow-kits","8":"first","9":"outofstock","10":"shipping-taxable","11":"purchasable","12":"product-type-variable","13":"has-default-attributes"},"tiered_pricing_type":"fixed","tiered_pricing_fixed_rules":[],"tiered_pricing_percentage_rules":[],"tiered_pricing_minimum":1,"_administrator_tiered_pricing_type":"fixed","_administrator_tiered_pricing_fixed_rules":[],"_editor_tiered_pricing_type":"fixed","_editor_tiered_pricing_fixed_rules":[],"_author_tiered_pricing_type":"fixed","_author_tiered_pricing_fixed_rules":[],"_contributor_tiered_pricing_type":"fixed","_contributor_tiered_pricing_fixed_rules":[],"_subscriber_tiered_pricing_type":"fixed","_subscriber_tiered_pricing_fixed_rules":[],"_customer_tiered_pricing_type":"fixed","_customer_tiered_pricing_fixed_rules":[],"_shop_manager_tiered_pricing_type":"fixed","_shop_manager_tiered_pricing_fixed_rules":[],"_custom_permalinks_manager_tiered_pricing_type":"fixed","_custom_permalinks_manager_tiered_pricing_fixed_rules":[],"_wpseo_manager_tiered_pricing_type":"fixed","_wpseo_manager_tiered_pricing_fixed_rules":[],"_wpseo_editor_tiered_pricing_type":"fixed","_wpseo_editor_tiered_pricing_fixed_rules":[],"_fdp_plugins_manager_tiered_pricing_type":"fixed","_fdp_plugins_manager_tiered_pricing_fixed_rules":[],"_fdp_plugins_viewer_tiered_pricing_type":"fixed","_fdp_plugins_viewer_tiered_pricing_fixed_rules":[],"_translator_tiered_pricing_type":"fixed","_translator_tiered_pricing_fixed_rules":[],"_links":{"self":[{"href":"https:\/\/staging.wholecelium.com\/hu\/wp-json\/wp\/v2\/product\/93","targetHints":{"allow":["GET"]}}],"collection":[{"href":"https:\/\/staging.wholecelium.com\/hu\/wp-json\/wp\/v2\/product"}],"about":[{"href":"https:\/\/staging.wholecelium.com\/hu\/wp-json\/wp\/v2\/types\/product"}],"replies":[{"embeddable":true,"href":"https:\/\/staging.wholecelium.com\/hu\/wp-json\/wp\/v2\/comments?post=93"}],"wp:featuredmedia":[{"embeddable":true,"href":"https:\/\/staging.wholecelium.com\/hu\/wp-json\/wp\/v2\/media\/184"}],"wp:attachment":[{"href":"https:\/\/staging.wholecelium.com\/hu\/wp-json\/wp\/v2\/media?parent=93"}],"wp:term":[{"taxonomy":"product_cat","embeddable":true,"href":"https:\/\/staging.wholecelium.com\/hu\/wp-json\/wp\/v2\/product_cat?post=93"},{"taxonomy":"product_tag","embeddable":true,"href":"https:\/\/staging.wholecelium.com\/hu\/wp-json\/wp\/v2\/product_tag?post=93"},{"taxonomy":"topics","embeddable":true,"href":"https:\/\/staging.wholecelium.com\/hu\/wp-json\/wp\/v2\/topics?post=93"}],"curies":[{"name":"wp","href":"https:\/\/api.w.org\/{rel}","templated":true}]}}