{"id":60158,"date":"2022-05-19T11:54:50","date_gmt":"2022-05-19T09:54:50","guid":{"rendered":"https:\/\/www.wholecelium.com\/?post_type=product&#038;p=60158"},"modified":"2023-05-25T16:19:54","modified_gmt":"2023-05-25T14:19:54","slug":"maakali-trio-combo-pack-3-por","status":"publish","type":"product","link":"https:\/\/staging.wholecelium.com\/it\/shop\/tartufi-magici\/maakali-trio-combo-pack-3-por\/","title":{"rendered":"Trio MAAKALI - Confezione COMBO (3 por.)"},"content":{"rendered":"<p><strong>Tartufi magici MAAKALI TRIO<\/strong><\/p>\n<blockquote><p>3 porzioni MAAKALI da 15 grammi (= 45 grammi totali) di tartufi magici. I tartufi magici di Makaali sono tartufi forti e questa confezione trio \u00e8 adatta per 3-6 viaggi spirituali. I tartufi magici sono particolarmente adatti ai viaggiatori pi\u00f9 esperti. Il triplo del divertimento a un prezzo pi\u00f9 basso!<\/p><\/blockquote>\n<p>&nbsp;<\/p>\n<ul>\n<li>Viaggio: Questo viaggio vi offre un'esperienza forte, visiva, colorata e potente. La potenza del tartufo magico MAAKALI molto probabilmente vi impressioner\u00e0.<\/li>\n<li>Dosaggio: MAAKALI \u00e8 un tartufo magico per i professionisti, e devi venire preparato. 5 - 10 grammi: grandi risate e divertimento, high corporeo rilassante<\/li>\n<li>15 grammi: viaggio pi\u00f9 profondo e penetrante, visivo e colorato - profonde intuizioni interiori, con il giusto dosaggio si pu\u00f2 sperimentare la morte dell'ego.<\/li>\n<\/ul>\n<p>Tutti i tipi di informazioni di base possono essere trovati nel nostro <a href=\"https:\/\/staging.wholecelium.com\/it\/wiki\/magic-truffles-guide\/\">WIKI &gt; Manuali<\/a><\/p>","protected":false},"excerpt":{"rendered":"<p>\ud83c\udf3e 3 x 15 gr. = 45 gr. \ud83e\udde0 100\/100<\/p>","protected":false},"featured_media":59754,"comment_status":"closed","ping_status":"closed","template":"","meta":[],"product_cat":[23],"product_tag":[],"topics":[],"class_list":{"0":"post-60158","1":"product","2":"type-product","3":"status-publish","4":"has-post-thumbnail","6":"product_cat-magic-truffles","8":"first","9":"instock","10":"sale","11":"featured","12":"shipping-taxable","13":"purchasable","14":"product-type-simple"},"tiered_pricing_type":"fixed","tiered_pricing_fixed_rules":[],"tiered_pricing_percentage_rules":[],"tiered_pricing_minimum":1,"_administrator_tiered_pricing_type":"fixed","_administrator_tiered_pricing_fixed_rules":[],"_editor_tiered_pricing_type":"fixed","_editor_tiered_pricing_fixed_rules":[],"_author_tiered_pricing_type":"fixed","_author_tiered_pricing_fixed_rules":[],"_contributor_tiered_pricing_type":"fixed","_contributor_tiered_pricing_fixed_rules":[],"_subscriber_tiered_pricing_type":"fixed","_subscriber_tiered_pricing_fixed_rules":[],"_customer_tiered_pricing_type":"fixed","_customer_tiered_pricing_fixed_rules":[],"_shop_manager_tiered_pricing_type":"fixed","_shop_manager_tiered_pricing_fixed_rules":[],"_custom_permalinks_manager_tiered_pricing_type":"fixed","_custom_permalinks_manager_tiered_pricing_fixed_rules":[],"_wpseo_manager_tiered_pricing_type":"fixed","_wpseo_manager_tiered_pricing_fixed_rules":[],"_wpseo_editor_tiered_pricing_type":"fixed","_wpseo_editor_tiered_pricing_fixed_rules":[],"_fdp_plugins_manager_tiered_pricing_type":"fixed","_fdp_plugins_manager_tiered_pricing_fixed_rules":[],"_fdp_plugins_viewer_tiered_pricing_type":"fixed","_fdp_plugins_viewer_tiered_pricing_fixed_rules":[],"_translator_tiered_pricing_type":"fixed","_translator_tiered_pricing_fixed_rules":[],"_links":{"self":[{"href":"https:\/\/staging.wholecelium.com\/it\/wp-json\/wp\/v2\/product\/60158","targetHints":{"allow":["GET"]}}],"collection":[{"href":"https:\/\/staging.wholecelium.com\/it\/wp-json\/wp\/v2\/product"}],"about":[{"href":"https:\/\/staging.wholecelium.com\/it\/wp-json\/wp\/v2\/types\/product"}],"replies":[{"embeddable":true,"href":"https:\/\/staging.wholecelium.com\/it\/wp-json\/wp\/v2\/comments?post=60158"}],"wp:featuredmedia":[{"embeddable":true,"href":"https:\/\/staging.wholecelium.com\/it\/wp-json\/wp\/v2\/media\/59754"}],"wp:attachment":[{"href":"https:\/\/staging.wholecelium.com\/it\/wp-json\/wp\/v2\/media?parent=60158"}],"wp:term":[{"taxonomy":"product_cat","embeddable":true,"href":"https:\/\/staging.wholecelium.com\/it\/wp-json\/wp\/v2\/product_cat?post=60158"},{"taxonomy":"product_tag","embeddable":true,"href":"https:\/\/staging.wholecelium.com\/it\/wp-json\/wp\/v2\/product_tag?post=60158"},{"taxonomy":"topics","embeddable":true,"href":"https:\/\/staging.wholecelium.com\/it\/wp-json\/wp\/v2\/topics?post=60158"}],"curies":[{"name":"wp","href":"https:\/\/api.w.org\/{rel}","templated":true}]}}