{"id":77,"date":"2021-05-27T09:45:26","date_gmt":"2021-05-27T09:45:26","guid":{"rendered":"https:\/\/wholecelium.com\/?post_type=product&#038;p=77"},"modified":"2023-05-25T16:18:06","modified_gmt":"2023-05-25T14:18:06","slug":"microdosing-xp-psilocybin-combo-3-str","status":"publish","type":"product","link":"https:\/\/staging.wholecelium.com\/lv\/shop\/mikrodozesana-psilocibins\/microdosing-xp-psilocybin-combo-2-str\/","title":{"rendered":"Psilocib\u012bna 'XP' MIKRODOZI\u0145AS - KOMBO (3 str.)"},"content":{"rendered":"<p><span style=\"color: #f79646;\">Dubultpakete<\/span> <span style=\"color: #f79646;\">\u013coti <\/span><em><span style=\"color: #f79646;\">par labu cenu<\/span> <\/em><\/p>\n<blockquote><p>3 x 6 mikrodozes pa 1 gramam psilocib\u012bna trife\u013cu katr\u0101 sloksn\u0113.<\/p>\n<p>Tas neievies\u012bs j\u016bs dzi\u013c\u0101 psihed\u0113lisk\u0101 ce\u013cojum\u0101, bet uzlabos rado\u0161umu un garast\u0101vokli.<\/p>\n<p>J\u016bsu ma\u0146as tiks restart\u0113tas<\/p><\/blockquote>\n<ul>\n<li>M\u0113s iesak\u0101m lietot 1 gramu katru tre\u0161o dienu pirms pusdienlaika.<br \/>\nbie\u017e\u0101ka lieto\u0161ana dos maz\u0101k rezult\u0101tu.<\/li>\n<li>Psilocib\u012bna mikrodozes ir uzticam\u0101ka un l\u012bdzsvarot\u0101ka viela nek\u0101 psilocib\u012bna table\u0161u devas.<\/li>\n<\/ul>\n<p>Visda\u017e\u0101d\u0101ko pamatinform\u0101ciju par psilocib\u012bnu var atrast m\u016bsu <a href=\"https:\/\/staging.wholecelium.com\/lv\/wiki\/rokasgramatas\/mikrodozesanas-celvedis\/\">WIKI - Rokasgr\u0101matas<\/a><\/p>","protected":false},"excerpt":{"rendered":"<p>Viegli iepakojams, piem\u0113rots <strong>6 ned\u0113\u013cas<\/strong> mikrodoz\u0113\u0161ana<\/p>","protected":false},"featured_media":114847,"comment_status":"closed","ping_status":"closed","template":"","meta":[],"product_cat":[21],"product_tag":[],"topics":[],"class_list":{"0":"post-77","1":"product","2":"type-product","3":"status-publish","4":"has-post-thumbnail","6":"product_cat-microdosing-psilocybin","8":"first","9":"instock","10":"sale","11":"featured","12":"shipping-taxable","13":"purchasable","14":"product-type-simple"},"tiered_pricing_type":"fixed","tiered_pricing_fixed_rules":[],"tiered_pricing_percentage_rules":[],"tiered_pricing_minimum":1,"_administrator_tiered_pricing_type":"fixed","_administrator_tiered_pricing_fixed_rules":[],"_editor_tiered_pricing_type":"fixed","_editor_tiered_pricing_fixed_rules":[],"_author_tiered_pricing_type":"fixed","_author_tiered_pricing_fixed_rules":[],"_contributor_tiered_pricing_type":"fixed","_contributor_tiered_pricing_fixed_rules":[],"_subscriber_tiered_pricing_type":"fixed","_subscriber_tiered_pricing_fixed_rules":[],"_customer_tiered_pricing_type":"fixed","_customer_tiered_pricing_fixed_rules":[],"_shop_manager_tiered_pricing_type":"fixed","_shop_manager_tiered_pricing_fixed_rules":[],"_custom_permalinks_manager_tiered_pricing_type":"fixed","_custom_permalinks_manager_tiered_pricing_fixed_rules":[],"_wpseo_manager_tiered_pricing_type":"fixed","_wpseo_manager_tiered_pricing_fixed_rules":[],"_wpseo_editor_tiered_pricing_type":"fixed","_wpseo_editor_tiered_pricing_fixed_rules":[],"_fdp_plugins_manager_tiered_pricing_type":"fixed","_fdp_plugins_manager_tiered_pricing_fixed_rules":[],"_fdp_plugins_viewer_tiered_pricing_type":"fixed","_fdp_plugins_viewer_tiered_pricing_fixed_rules":[],"_translator_tiered_pricing_type":"fixed","_translator_tiered_pricing_fixed_rules":[],"_links":{"self":[{"href":"https:\/\/staging.wholecelium.com\/lv\/wp-json\/wp\/v2\/product\/77","targetHints":{"allow":["GET"]}}],"collection":[{"href":"https:\/\/staging.wholecelium.com\/lv\/wp-json\/wp\/v2\/product"}],"about":[{"href":"https:\/\/staging.wholecelium.com\/lv\/wp-json\/wp\/v2\/types\/product"}],"replies":[{"embeddable":true,"href":"https:\/\/staging.wholecelium.com\/lv\/wp-json\/wp\/v2\/comments?post=77"}],"wp:featuredmedia":[{"embeddable":true,"href":"https:\/\/staging.wholecelium.com\/lv\/wp-json\/wp\/v2\/media\/114847"}],"wp:attachment":[{"href":"https:\/\/staging.wholecelium.com\/lv\/wp-json\/wp\/v2\/media?parent=77"}],"wp:term":[{"taxonomy":"product_cat","embeddable":true,"href":"https:\/\/staging.wholecelium.com\/lv\/wp-json\/wp\/v2\/product_cat?post=77"},{"taxonomy":"product_tag","embeddable":true,"href":"https:\/\/staging.wholecelium.com\/lv\/wp-json\/wp\/v2\/product_tag?post=77"},{"taxonomy":"topics","embeddable":true,"href":"https:\/\/staging.wholecelium.com\/lv\/wp-json\/wp\/v2\/topics?post=77"}],"curies":[{"name":"wp","href":"https:\/\/api.w.org\/{rel}","templated":true}]}}