{"id":80,"date":"2021-05-27T09:45:27","date_gmt":"2021-05-27T09:45:27","guid":{"rendered":"https:\/\/wholecelium.com\/?post_type=product&#038;p=80"},"modified":"2023-05-31T11:18:16","modified_gmt":"2023-05-31T09:18:16","slug":"pandoras-box-combo-pack-3-bx","status":"publish","type":"product","link":"https:\/\/staging.wholecelium.com\/pl\/shop\/pandoras-box\/pandoras-box-combo-pack-3-bx\/","title":{"rendered":"Pude\u0142ko PANDORA - COMBO-Pack (3 bx.)"},"content":{"rendered":"<p>Pude\u0142ko PANDORA'S combo-pack (3bx)<\/p>\n<blockquote><p>Jest to szybki i niezawodny growkit.<\/p>\n<p>Zdob\u0105d\u017a 3 zestawy TruffleKIT w super cenie.<\/p>\n<p>Produkuje od 30 do 60 gram \u015bwie\u017cych Magicznych Trufli, wi\u0119c 1 Combo Pack produkuje 90<span style=\"color: #fbb709;\"> do 180 gram\u00f3w <\/span>!<\/p><\/blockquote>\n<ul>\n<li><span style=\"color: #fbb709;\">Gotowy do zbior\u00f3w, gdy tylko si\u0119 pojawi! <\/span><\/li>\n<li>Dyskretne opakowanie (bez logo)<\/li>\n<li>Wszystkie informacje na ten temat mo\u017cna znale\u017a\u0107 w naszym <a href=\"https:\/\/staging.wholecelium.com\/pl\/wiki\/podreczniki-2\/pandoras-box-tutorial\/\"><strong>WIKI<\/strong> - Instrukcje<\/a><\/li>\n<\/ul>","protected":false},"excerpt":{"rendered":"<p>\ud83c\udf3e 90 do 180 gr. \u0142\u0105cznie<\/p>","protected":false},"featured_media":116,"comment_status":"closed","ping_status":"closed","template":"","meta":[],"product_cat":[22],"product_tag":[],"topics":[],"class_list":{"0":"post-80","1":"product","2":"type-product","3":"status-publish","4":"has-post-thumbnail","6":"product_cat-pandoras-box","8":"first","9":"instock","10":"sale","11":"shipping-taxable","12":"purchasable","13":"product-type-variable","14":"has-default-attributes"},"tiered_pricing_type":"fixed","tiered_pricing_fixed_rules":[],"tiered_pricing_percentage_rules":[],"tiered_pricing_minimum":1,"_administrator_tiered_pricing_type":"fixed","_administrator_tiered_pricing_fixed_rules":[],"_editor_tiered_pricing_type":"fixed","_editor_tiered_pricing_fixed_rules":[],"_author_tiered_pricing_type":"fixed","_author_tiered_pricing_fixed_rules":[],"_contributor_tiered_pricing_type":"fixed","_contributor_tiered_pricing_fixed_rules":[],"_subscriber_tiered_pricing_type":"fixed","_subscriber_tiered_pricing_fixed_rules":[],"_customer_tiered_pricing_type":"fixed","_customer_tiered_pricing_fixed_rules":[],"_shop_manager_tiered_pricing_type":"fixed","_shop_manager_tiered_pricing_fixed_rules":[],"_custom_permalinks_manager_tiered_pricing_type":"fixed","_custom_permalinks_manager_tiered_pricing_fixed_rules":[],"_wpseo_manager_tiered_pricing_type":"fixed","_wpseo_manager_tiered_pricing_fixed_rules":[],"_wpseo_editor_tiered_pricing_type":"fixed","_wpseo_editor_tiered_pricing_fixed_rules":[],"_fdp_plugins_manager_tiered_pricing_type":"fixed","_fdp_plugins_manager_tiered_pricing_fixed_rules":[],"_fdp_plugins_viewer_tiered_pricing_type":"fixed","_fdp_plugins_viewer_tiered_pricing_fixed_rules":[],"_translator_tiered_pricing_type":"fixed","_translator_tiered_pricing_fixed_rules":[],"_links":{"self":[{"href":"https:\/\/staging.wholecelium.com\/pl\/wp-json\/wp\/v2\/product\/80","targetHints":{"allow":["GET"]}}],"collection":[{"href":"https:\/\/staging.wholecelium.com\/pl\/wp-json\/wp\/v2\/product"}],"about":[{"href":"https:\/\/staging.wholecelium.com\/pl\/wp-json\/wp\/v2\/types\/product"}],"replies":[{"embeddable":true,"href":"https:\/\/staging.wholecelium.com\/pl\/wp-json\/wp\/v2\/comments?post=80"}],"wp:featuredmedia":[{"embeddable":true,"href":"https:\/\/staging.wholecelium.com\/pl\/wp-json\/wp\/v2\/media\/116"}],"wp:attachment":[{"href":"https:\/\/staging.wholecelium.com\/pl\/wp-json\/wp\/v2\/media?parent=80"}],"wp:term":[{"taxonomy":"product_cat","embeddable":true,"href":"https:\/\/staging.wholecelium.com\/pl\/wp-json\/wp\/v2\/product_cat?post=80"},{"taxonomy":"product_tag","embeddable":true,"href":"https:\/\/staging.wholecelium.com\/pl\/wp-json\/wp\/v2\/product_tag?post=80"},{"taxonomy":"topics","embeddable":true,"href":"https:\/\/staging.wholecelium.com\/pl\/wp-json\/wp\/v2\/topics?post=80"}],"curies":[{"name":"wp","href":"https:\/\/api.w.org\/{rel}","templated":true}]}}