{"id":81,"date":"2021-05-27T09:45:27","date_gmt":"2021-05-27T09:45:27","guid":{"rendered":"https:\/\/wholecelium.com\/?post_type=product&#038;p=81"},"modified":"2023-05-31T11:28:54","modified_gmt":"2023-05-31T09:28:54","slug":"pandoras-box-ready-to-harvest","status":"publish","type":"product","link":"https:\/\/staging.wholecelium.com\/pt\/shop\/pandoras-box\/pandoras-box-ready-to-harvest\/","title":{"rendered":"PANDORA's Box **pronto para a colheita!"},"content":{"rendered":"<p><strong>CAIXA DA PANDORA<\/strong><\/p>\n<p>Este kit de trufas m\u00e1gicas prontas a consumir oferece uma forma conveniente e sem complica\u00e7\u00f5es de embarcar na sua viagem psicad\u00e9lica. As trufas s\u00e3o habilmente repartidas e preparadas para consumo, garantindo uma dosagem consistente e fi\u00e1vel. Basta abrir o kit, saborear as trufas e deixar que a tua viagem m\u00edstica se desenrole.<\/p>\n<p><strong>\u00a0<\/strong><\/p>\n<blockquote><p>Produz 30 <span style=\"color: #fbb709;\">at\u00e9 60 gramas<\/span> de frescos <strong>Trufas M\u00e1gicas!<\/strong><\/p>\n<p>Pronto para colher quando chegar!<\/p>\n<p>Depois de colhidas, pode colocar as trufas num saco de pl\u00e1stico e guard\u00e1-las no frigor\u00edfico a 4\u00b0 Celsius<\/p>\n<p>Escolha o seu tipo\/esp\u00e9cie no menu pendente (\"mistura\" \u00e9 para quando encomendar 2 ou mais kits de trufas)<\/p><\/blockquote>\n<p>&nbsp;<\/p>\n<ul>\n<li>Embalagem discreta (sem log\u00f3tipos)<\/li>\n<li>Todo o tipo de informa\u00e7\u00e3o pode ser encontrada no nosso <a href=\"https:\/\/staging.wholecelium.com\/pt\/wiki\/manuais\/pandoras-box-tutorial\/\"><strong>WIKI<\/strong> - Manuais<\/a><\/li>\n<\/ul>","protected":false},"excerpt":{"rendered":"<p>\ud83c\udf3e 30 a 60 gr.<\/p>","protected":false},"featured_media":120,"comment_status":"closed","ping_status":"closed","template":"","meta":[],"product_cat":[22],"product_tag":[],"topics":[],"class_list":{"0":"post-81","1":"product","2":"type-product","3":"status-publish","4":"has-post-thumbnail","6":"product_cat-pandoras-box","8":"first","9":"instock","10":"shipping-taxable","11":"purchasable","12":"product-type-variable","13":"has-default-attributes"},"tiered_pricing_type":"fixed","tiered_pricing_fixed_rules":[],"tiered_pricing_percentage_rules":[],"tiered_pricing_minimum":1,"_administrator_tiered_pricing_type":"fixed","_administrator_tiered_pricing_fixed_rules":[],"_editor_tiered_pricing_type":"fixed","_editor_tiered_pricing_fixed_rules":[],"_author_tiered_pricing_type":"fixed","_author_tiered_pricing_fixed_rules":[],"_contributor_tiered_pricing_type":"fixed","_contributor_tiered_pricing_fixed_rules":[],"_subscriber_tiered_pricing_type":"fixed","_subscriber_tiered_pricing_fixed_rules":[],"_customer_tiered_pricing_type":"fixed","_customer_tiered_pricing_fixed_rules":[],"_shop_manager_tiered_pricing_type":"fixed","_shop_manager_tiered_pricing_fixed_rules":[],"_custom_permalinks_manager_tiered_pricing_type":"fixed","_custom_permalinks_manager_tiered_pricing_fixed_rules":[],"_wpseo_manager_tiered_pricing_type":"fixed","_wpseo_manager_tiered_pricing_fixed_rules":[],"_wpseo_editor_tiered_pricing_type":"fixed","_wpseo_editor_tiered_pricing_fixed_rules":[],"_fdp_plugins_manager_tiered_pricing_type":"fixed","_fdp_plugins_manager_tiered_pricing_fixed_rules":[],"_fdp_plugins_viewer_tiered_pricing_type":"fixed","_fdp_plugins_viewer_tiered_pricing_fixed_rules":[],"_translator_tiered_pricing_type":"fixed","_translator_tiered_pricing_fixed_rules":[],"_links":{"self":[{"href":"https:\/\/staging.wholecelium.com\/pt\/wp-json\/wp\/v2\/product\/81","targetHints":{"allow":["GET"]}}],"collection":[{"href":"https:\/\/staging.wholecelium.com\/pt\/wp-json\/wp\/v2\/product"}],"about":[{"href":"https:\/\/staging.wholecelium.com\/pt\/wp-json\/wp\/v2\/types\/product"}],"replies":[{"embeddable":true,"href":"https:\/\/staging.wholecelium.com\/pt\/wp-json\/wp\/v2\/comments?post=81"}],"wp:featuredmedia":[{"embeddable":true,"href":"https:\/\/staging.wholecelium.com\/pt\/wp-json\/wp\/v2\/media\/120"}],"wp:attachment":[{"href":"https:\/\/staging.wholecelium.com\/pt\/wp-json\/wp\/v2\/media?parent=81"}],"wp:term":[{"taxonomy":"product_cat","embeddable":true,"href":"https:\/\/staging.wholecelium.com\/pt\/wp-json\/wp\/v2\/product_cat?post=81"},{"taxonomy":"product_tag","embeddable":true,"href":"https:\/\/staging.wholecelium.com\/pt\/wp-json\/wp\/v2\/product_tag?post=81"},{"taxonomy":"topics","embeddable":true,"href":"https:\/\/staging.wholecelium.com\/pt\/wp-json\/wp\/v2\/topics?post=81"}],"curies":[{"name":"wp","href":"https:\/\/api.w.org\/{rel}","templated":true}]}}