{"id":87,"date":"2021-05-27T09:45:27","date_gmt":"2021-05-27T09:45:27","guid":{"rendered":"https:\/\/wholecelium.com\/?post_type=product&#038;p=87"},"modified":"2023-05-25T14:51:51","modified_gmt":"2023-05-25T12:51:51","slug":"psilocybe-mexicana","status":"publish","type":"product","link":"https:\/\/staging.wholecelium.com\/pt\/shop\/truques-de-magia\/psilocibo-mexicana\/","title":{"rendered":"Psilocibo MEXICANA"},"content":{"rendered":"<p><strong>Trufas m\u00e1gicas MEXICANA<\/strong><\/p>\n<blockquote><p>\u00c9 provavelmente uma das trufas m\u00e1gicas mais conhecidas por a\u00ed; esta variedade de trufa cresce na floresta tropical do M\u00e9xico, e tamb\u00e9m foi encontrada noutros pa\u00edses como Guatamala. Em 1958, esta esp\u00e9cie foi descoberta pelo mic\u00f3logo R. Gordon. Estas trufas m\u00e1gicas s\u00e3o tamb\u00e9m conhecidas por vezes como \"Pedras Filos\u00f3ficas\". Algumas pessoas podem achar as outras esp\u00e9cies de trufas um pouco avassaladoras. Se quiserem simplesmente divertir-se; esta \u00e9 a forma de se manterem em realidades quotidianas e psiloespaciais ao mesmo tempo.<\/p><\/blockquote>\n<ul>\n<li><strong>Viagem<\/strong>: Esta viagem \u00e9 suave e pode ser uma experi\u00eancia perfeita para o principiante; para os tropeiros inexperientes. Grandes gargalhadas, sentimentos euf\u00f3ricos e um humor alegre ir\u00e3o encher o seu corpo.<\/li>\n<li><strong>Dosagem<\/strong>: MEXICAN \u00e9 uma trufa m\u00e1gica perfeita para o iniciante, uma pessoa que est\u00e1 apenas entrando no novo mundo m\u00e1gico 15 gramas: Um corpo muito quente, percep\u00e7\u00e3o agu\u00e7ada e, em geral, um humor feliz.<\/li>\n<\/ul>\n<p>Todo o tipo de informa\u00e7\u00e3o pode ser encontrada no nosso <a href=\"https:\/\/staging.wholecelium.com\/pt\/wiki\/magic-truffles-guide\/\"><strong>WIKI<\/strong> &gt; Manuais<\/a><\/p>","protected":false},"excerpt":{"rendered":"<p>15 gr. \ud83e\udde0 55\/100<\/p>","protected":false},"featured_media":149,"comment_status":"closed","ping_status":"closed","template":"","meta":[],"product_cat":[23],"product_tag":[],"topics":[],"class_list":{"0":"post-87","1":"product","2":"type-product","3":"status-publish","4":"has-post-thumbnail","6":"product_cat-magic-truffles","8":"first","9":"instock","10":"shipping-taxable","11":"purchasable","12":"product-type-simple"},"tiered_pricing_type":"fixed","tiered_pricing_fixed_rules":[],"tiered_pricing_percentage_rules":[],"tiered_pricing_minimum":1,"_administrator_tiered_pricing_type":"fixed","_administrator_tiered_pricing_fixed_rules":[],"_editor_tiered_pricing_type":"fixed","_editor_tiered_pricing_fixed_rules":[],"_author_tiered_pricing_type":"fixed","_author_tiered_pricing_fixed_rules":[],"_contributor_tiered_pricing_type":"fixed","_contributor_tiered_pricing_fixed_rules":[],"_subscriber_tiered_pricing_type":"fixed","_subscriber_tiered_pricing_fixed_rules":[],"_customer_tiered_pricing_type":"fixed","_customer_tiered_pricing_fixed_rules":[],"_shop_manager_tiered_pricing_type":"fixed","_shop_manager_tiered_pricing_fixed_rules":[],"_custom_permalinks_manager_tiered_pricing_type":"fixed","_custom_permalinks_manager_tiered_pricing_fixed_rules":[],"_wpseo_manager_tiered_pricing_type":"fixed","_wpseo_manager_tiered_pricing_fixed_rules":[],"_wpseo_editor_tiered_pricing_type":"fixed","_wpseo_editor_tiered_pricing_fixed_rules":[],"_fdp_plugins_manager_tiered_pricing_type":"fixed","_fdp_plugins_manager_tiered_pricing_fixed_rules":[],"_fdp_plugins_viewer_tiered_pricing_type":"fixed","_fdp_plugins_viewer_tiered_pricing_fixed_rules":[],"_translator_tiered_pricing_type":"fixed","_translator_tiered_pricing_fixed_rules":[],"_links":{"self":[{"href":"https:\/\/staging.wholecelium.com\/pt\/wp-json\/wp\/v2\/product\/87","targetHints":{"allow":["GET"]}}],"collection":[{"href":"https:\/\/staging.wholecelium.com\/pt\/wp-json\/wp\/v2\/product"}],"about":[{"href":"https:\/\/staging.wholecelium.com\/pt\/wp-json\/wp\/v2\/types\/product"}],"replies":[{"embeddable":true,"href":"https:\/\/staging.wholecelium.com\/pt\/wp-json\/wp\/v2\/comments?post=87"}],"wp:featuredmedia":[{"embeddable":true,"href":"https:\/\/staging.wholecelium.com\/pt\/wp-json\/wp\/v2\/media\/149"}],"wp:attachment":[{"href":"https:\/\/staging.wholecelium.com\/pt\/wp-json\/wp\/v2\/media?parent=87"}],"wp:term":[{"taxonomy":"product_cat","embeddable":true,"href":"https:\/\/staging.wholecelium.com\/pt\/wp-json\/wp\/v2\/product_cat?post=87"},{"taxonomy":"product_tag","embeddable":true,"href":"https:\/\/staging.wholecelium.com\/pt\/wp-json\/wp\/v2\/product_tag?post=87"},{"taxonomy":"topics","embeddable":true,"href":"https:\/\/staging.wholecelium.com\/pt\/wp-json\/wp\/v2\/topics?post=87"}],"curies":[{"name":"wp","href":"https:\/\/api.w.org\/{rel}","templated":true}]}}