{"id":88,"date":"2021-05-27T09:45:27","date_gmt":"2021-05-27T09:45:27","guid":{"rendered":"https:\/\/wholecelium.com\/?post_type=product&#038;p=88"},"modified":"2023-05-25T16:21:02","modified_gmt":"2023-05-25T14:21:02","slug":"psilocybe-pajaritos","status":"publish","type":"product","link":"https:\/\/staging.wholecelium.com\/pt\/shop\/truques-de-magia\/psilocibo-pajaritos\/","title":{"rendered":"Psilocibo PAJARITOS"},"content":{"rendered":"<p><strong>PAJARITOS trufas m\u00e1gicas<\/strong><\/p>\n<blockquote><p>As trufas m\u00e1gicas PAJARITOS sclerotia s\u00e3o mais fortes que as mexicanas, e mais ou menos a mesma for\u00e7a que as Tampanensis. \u00c9 um organismo pequeno e escuro, embora por vezes se colam e formam uma grande bola de trufas. Foram descobertas pela primeira vez na Guatemala, onde o apelido local era Pajaritos, que \u00e9 geralmente utilizado por pequenos p\u00e1ssaros que cantam. Se quiser apenas divertir-se, com grandes gargalhadas, estas trufas m\u00e1gicas s\u00e3o ideais para si!<\/p><\/blockquote>\n<ul>\n<li><strong>Viagem<\/strong>: A viagem \u00e9 suave, mas ligeiramente mais forte do que as trufas m\u00e1gicas mexicanas. Estas trufas podem ser facilmente utilizadas como um evento social com os seus amigos. Sentimentos euf\u00f3ricos felizes, quentes e suaves.<\/li>\n<li><strong>Dosagem<\/strong>: PAJARITOS 15 gramas: viagem mais profunda, perspicaz, visual e colorida - percep\u00e7\u00f5es profundas, com a dose certa de morte do ego pode ser experimentada.<\/li>\n<\/ul>\n<p>Todo o tipo de informa\u00e7\u00e3o pode ser encontrada no nosso <a href=\"https:\/\/staging.wholecelium.com\/pt\/wiki\/magic-truffles-guide\/\"><strong>WIKI<\/strong> &gt; Manuais<\/a><\/p>","protected":false},"excerpt":{"rendered":"<p>\ud83c\udf3e 15 gr. \ud83e\udde0 60\/100<\/p>","protected":false},"featured_media":152,"comment_status":"closed","ping_status":"closed","template":"","meta":[],"product_cat":[23],"product_tag":[],"topics":[],"class_list":{"0":"post-88","1":"product","2":"type-product","3":"status-publish","4":"has-post-thumbnail","6":"product_cat-magic-truffles","8":"first","9":"instock","10":"shipping-taxable","11":"purchasable","12":"product-type-simple"},"tiered_pricing_type":"fixed","tiered_pricing_fixed_rules":[],"tiered_pricing_percentage_rules":[],"tiered_pricing_minimum":1,"_administrator_tiered_pricing_type":"fixed","_administrator_tiered_pricing_fixed_rules":[],"_editor_tiered_pricing_type":"fixed","_editor_tiered_pricing_fixed_rules":[],"_author_tiered_pricing_type":"fixed","_author_tiered_pricing_fixed_rules":[],"_contributor_tiered_pricing_type":"fixed","_contributor_tiered_pricing_fixed_rules":[],"_subscriber_tiered_pricing_type":"fixed","_subscriber_tiered_pricing_fixed_rules":[],"_customer_tiered_pricing_type":"fixed","_customer_tiered_pricing_fixed_rules":[],"_shop_manager_tiered_pricing_type":"fixed","_shop_manager_tiered_pricing_fixed_rules":[],"_custom_permalinks_manager_tiered_pricing_type":"fixed","_custom_permalinks_manager_tiered_pricing_fixed_rules":[],"_wpseo_manager_tiered_pricing_type":"fixed","_wpseo_manager_tiered_pricing_fixed_rules":[],"_wpseo_editor_tiered_pricing_type":"fixed","_wpseo_editor_tiered_pricing_fixed_rules":[],"_fdp_plugins_manager_tiered_pricing_type":"fixed","_fdp_plugins_manager_tiered_pricing_fixed_rules":[],"_fdp_plugins_viewer_tiered_pricing_type":"fixed","_fdp_plugins_viewer_tiered_pricing_fixed_rules":[],"_translator_tiered_pricing_type":"fixed","_translator_tiered_pricing_fixed_rules":[],"_links":{"self":[{"href":"https:\/\/staging.wholecelium.com\/pt\/wp-json\/wp\/v2\/product\/88","targetHints":{"allow":["GET"]}}],"collection":[{"href":"https:\/\/staging.wholecelium.com\/pt\/wp-json\/wp\/v2\/product"}],"about":[{"href":"https:\/\/staging.wholecelium.com\/pt\/wp-json\/wp\/v2\/types\/product"}],"replies":[{"embeddable":true,"href":"https:\/\/staging.wholecelium.com\/pt\/wp-json\/wp\/v2\/comments?post=88"}],"wp:featuredmedia":[{"embeddable":true,"href":"https:\/\/staging.wholecelium.com\/pt\/wp-json\/wp\/v2\/media\/152"}],"wp:attachment":[{"href":"https:\/\/staging.wholecelium.com\/pt\/wp-json\/wp\/v2\/media?parent=88"}],"wp:term":[{"taxonomy":"product_cat","embeddable":true,"href":"https:\/\/staging.wholecelium.com\/pt\/wp-json\/wp\/v2\/product_cat?post=88"},{"taxonomy":"product_tag","embeddable":true,"href":"https:\/\/staging.wholecelium.com\/pt\/wp-json\/wp\/v2\/product_tag?post=88"},{"taxonomy":"topics","embeddable":true,"href":"https:\/\/staging.wholecelium.com\/pt\/wp-json\/wp\/v2\/topics?post=88"}],"curies":[{"name":"wp","href":"https:\/\/api.w.org\/{rel}","templated":true}]}}