{"id":62396,"date":"2022-06-02T10:20:45","date_gmt":"2022-06-02T08:20:45","guid":{"rendered":"https:\/\/www.wholecelium.com\/?post_type=product&#038;p=62396"},"modified":"2023-01-25T14:37:50","modified_gmt":"2023-01-25T13:37:50","slug":"shrooma-ohm-trio-combo-pack-3-box","status":"publish","type":"product","link":"https:\/\/staging.wholecelium.com\/ro\/shop\/magic-mushroom-grow-kits\/shrooma-ohm-trio-combo-pack-3-box\/","title":{"rendered":"OHM Trio - COMBO-Pack (3 cutii)"},"content":{"rendered":"<p><strong>Shrooma 'OHM' kit TRIO<\/strong><\/p>\n<blockquote><p>Acest kit de cultivare a miceliului pre-crescut poate produce p\u00e2n\u0103 la 3 x 350 = 1050 de grame de ciuperci proaspete Magic Mushrooms!<br \/>\nAlege\u021bi tipul\/specia \u00een meniul derulant <em>(\"amestec\" este pentru comanda a 2 sau mai multe kituri de cultivare)<\/em><\/p><\/blockquote>\n<ul>\n<li>Tot felul de informa\u021bii de fond pot fi g\u0103site pe site-ul nostru <a href=\"https:\/\/staging.wholecelium.com\/ro\/wiki\/manuale\/grow-kit-tutorial\u200b\/\"><strong>WIKI<\/strong> &gt; Manuale<\/a><\/li>\n<li>Pentru un ghid video detaliat, v\u0103 rug\u0103m s\u0103 consulta\u021bi pagina noastr\u0103 <span class=\"wistia_embed wistia_async_2cemuvvmww popover=true popoverContent=link\" style=\"display: inline; position: relative;\"><a href=\"#\">Tutorial video<\/a><\/span><\/li>\n<\/ul>","protected":false},"excerpt":{"rendered":"<p>\ud83c\udf3e p\u00e2n\u0103 la 3 x 350 = 1050 gr.<\/p>","protected":false},"featured_media":62478,"comment_status":"open","ping_status":"closed","template":"","meta":[],"product_cat":[20],"product_tag":[],"topics":[],"class_list":{"0":"post-62396","1":"product","2":"type-product","3":"status-publish","4":"has-post-thumbnail","6":"product_cat-magic-mushroom-grow-kits","8":"first","9":"instock","10":"sale","11":"shipping-taxable","12":"purchasable","13":"product-type-variable","14":"has-default-attributes"},"tiered_pricing_type":"fixed","tiered_pricing_fixed_rules":[],"tiered_pricing_percentage_rules":[],"tiered_pricing_minimum":1,"_administrator_tiered_pricing_type":"fixed","_administrator_tiered_pricing_fixed_rules":[],"_editor_tiered_pricing_type":"fixed","_editor_tiered_pricing_fixed_rules":[],"_author_tiered_pricing_type":"fixed","_author_tiered_pricing_fixed_rules":[],"_contributor_tiered_pricing_type":"fixed","_contributor_tiered_pricing_fixed_rules":[],"_subscriber_tiered_pricing_type":"fixed","_subscriber_tiered_pricing_fixed_rules":[],"_customer_tiered_pricing_type":"fixed","_customer_tiered_pricing_fixed_rules":[],"_shop_manager_tiered_pricing_type":"fixed","_shop_manager_tiered_pricing_fixed_rules":[],"_custom_permalinks_manager_tiered_pricing_type":"fixed","_custom_permalinks_manager_tiered_pricing_fixed_rules":[],"_wpseo_manager_tiered_pricing_type":"fixed","_wpseo_manager_tiered_pricing_fixed_rules":[],"_wpseo_editor_tiered_pricing_type":"fixed","_wpseo_editor_tiered_pricing_fixed_rules":[],"_fdp_plugins_manager_tiered_pricing_type":"fixed","_fdp_plugins_manager_tiered_pricing_fixed_rules":[],"_fdp_plugins_viewer_tiered_pricing_type":"fixed","_fdp_plugins_viewer_tiered_pricing_fixed_rules":[],"_translator_tiered_pricing_type":"fixed","_translator_tiered_pricing_fixed_rules":[],"_links":{"self":[{"href":"https:\/\/staging.wholecelium.com\/ro\/wp-json\/wp\/v2\/product\/62396","targetHints":{"allow":["GET"]}}],"collection":[{"href":"https:\/\/staging.wholecelium.com\/ro\/wp-json\/wp\/v2\/product"}],"about":[{"href":"https:\/\/staging.wholecelium.com\/ro\/wp-json\/wp\/v2\/types\/product"}],"replies":[{"embeddable":true,"href":"https:\/\/staging.wholecelium.com\/ro\/wp-json\/wp\/v2\/comments?post=62396"}],"wp:featuredmedia":[{"embeddable":true,"href":"https:\/\/staging.wholecelium.com\/ro\/wp-json\/wp\/v2\/media\/62478"}],"wp:attachment":[{"href":"https:\/\/staging.wholecelium.com\/ro\/wp-json\/wp\/v2\/media?parent=62396"}],"wp:term":[{"taxonomy":"product_cat","embeddable":true,"href":"https:\/\/staging.wholecelium.com\/ro\/wp-json\/wp\/v2\/product_cat?post=62396"},{"taxonomy":"product_tag","embeddable":true,"href":"https:\/\/staging.wholecelium.com\/ro\/wp-json\/wp\/v2\/product_tag?post=62396"},{"taxonomy":"topics","embeddable":true,"href":"https:\/\/staging.wholecelium.com\/ro\/wp-json\/wp\/v2\/topics?post=62396"}],"curies":[{"name":"wp","href":"https:\/\/api.w.org\/{rel}","templated":true}]}}