{"id":87,"date":"2021-05-27T09:45:27","date_gmt":"2021-05-27T09:45:27","guid":{"rendered":"https:\/\/wholecelium.com\/?post_type=product&#038;p=87"},"modified":"2023-05-25T14:51:51","modified_gmt":"2023-05-25T12:51:51","slug":"psilocybe-mexicana","status":"publish","type":"product","link":"https:\/\/staging.wholecelium.com\/sl\/shop\/magic-truffles\/psilocybe-mexicana\/","title":{"rendered":"Psilocybe MEXICANA"},"content":{"rendered":"<p><strong>\u010carobni tartufi MEXICANA<\/strong><\/p>\n<blockquote><p>To je verjetno eden od najbolj znanih \u010darobnih tartufov; ta vrsta tartufov raste v de\u017eevnem gozdu Mehike, na\u0161li pa so jo tudi v drugih dr\u017eavah, kot je Guatamala. Leta 1958 je to vrsto odkril mikolog R. Gordon. Ti \u010darobni tartufi so v\u010dasih znani tudi pod imenom \"Filozofski kamni\". Nekaterim ljudem se lahko zdijo druge vrste tartufov nekoliko prevelike. \u010ce se \u017eelite preprosto zabavati; to je na\u010din, da ostanete v vsakdanji in filozofski resni\u010dnosti hkrati.<\/p><\/blockquote>\n<ul>\n<li><strong>Izlet<\/strong>: To potovanje je blago in je lahko odli\u010dna izku\u0161nja za za\u010detnike in neizku\u0161ene popotnike. Veliko smeha, evfori\u010dni ob\u010dutki in veselo razpolo\u017eenje bodo napolnili va\u0161e telo.<\/li>\n<li><strong>Odmerjanje<\/strong>: MEKSI\u010cAN je popoln \u010darobni tartuf za za\u010detnika, osebo, ki \u0161ele vstopa v nov \u010darobni svet 15 gramov: Vrhunska toplina za telo, izostrena zaznava in splo\u0161no sre\u010dno razpolo\u017eenje.<\/li>\n<\/ul>\n<p>Vse informacije o ozadju so na voljo v na\u0161em <a href=\"https:\/\/staging.wholecelium.com\/sl\/wiki\/magic-truffles-guide\/\"><strong>WIKI<\/strong> &gt; Priro\u010dniki<\/a><\/p>","protected":false},"excerpt":{"rendered":"<p>\ud83c\udf3e 15 gr. \ud83e\udde0 55\/100<\/p>","protected":false},"featured_media":149,"comment_status":"closed","ping_status":"closed","template":"","meta":[],"product_cat":[23],"product_tag":[],"topics":[],"class_list":{"0":"post-87","1":"product","2":"type-product","3":"status-publish","4":"has-post-thumbnail","6":"product_cat-magic-truffles","8":"first","9":"instock","10":"shipping-taxable","11":"purchasable","12":"product-type-simple"},"tiered_pricing_type":"fixed","tiered_pricing_fixed_rules":[],"tiered_pricing_percentage_rules":[],"tiered_pricing_minimum":1,"_administrator_tiered_pricing_type":"fixed","_administrator_tiered_pricing_fixed_rules":[],"_editor_tiered_pricing_type":"fixed","_editor_tiered_pricing_fixed_rules":[],"_author_tiered_pricing_type":"fixed","_author_tiered_pricing_fixed_rules":[],"_contributor_tiered_pricing_type":"fixed","_contributor_tiered_pricing_fixed_rules":[],"_subscriber_tiered_pricing_type":"fixed","_subscriber_tiered_pricing_fixed_rules":[],"_customer_tiered_pricing_type":"fixed","_customer_tiered_pricing_fixed_rules":[],"_shop_manager_tiered_pricing_type":"fixed","_shop_manager_tiered_pricing_fixed_rules":[],"_custom_permalinks_manager_tiered_pricing_type":"fixed","_custom_permalinks_manager_tiered_pricing_fixed_rules":[],"_wpseo_manager_tiered_pricing_type":"fixed","_wpseo_manager_tiered_pricing_fixed_rules":[],"_wpseo_editor_tiered_pricing_type":"fixed","_wpseo_editor_tiered_pricing_fixed_rules":[],"_fdp_plugins_manager_tiered_pricing_type":"fixed","_fdp_plugins_manager_tiered_pricing_fixed_rules":[],"_fdp_plugins_viewer_tiered_pricing_type":"fixed","_fdp_plugins_viewer_tiered_pricing_fixed_rules":[],"_translator_tiered_pricing_type":"fixed","_translator_tiered_pricing_fixed_rules":[],"_links":{"self":[{"href":"https:\/\/staging.wholecelium.com\/sl\/wp-json\/wp\/v2\/product\/87","targetHints":{"allow":["GET"]}}],"collection":[{"href":"https:\/\/staging.wholecelium.com\/sl\/wp-json\/wp\/v2\/product"}],"about":[{"href":"https:\/\/staging.wholecelium.com\/sl\/wp-json\/wp\/v2\/types\/product"}],"replies":[{"embeddable":true,"href":"https:\/\/staging.wholecelium.com\/sl\/wp-json\/wp\/v2\/comments?post=87"}],"wp:featuredmedia":[{"embeddable":true,"href":"https:\/\/staging.wholecelium.com\/sl\/wp-json\/wp\/v2\/media\/149"}],"wp:attachment":[{"href":"https:\/\/staging.wholecelium.com\/sl\/wp-json\/wp\/v2\/media?parent=87"}],"wp:term":[{"taxonomy":"product_cat","embeddable":true,"href":"https:\/\/staging.wholecelium.com\/sl\/wp-json\/wp\/v2\/product_cat?post=87"},{"taxonomy":"product_tag","embeddable":true,"href":"https:\/\/staging.wholecelium.com\/sl\/wp-json\/wp\/v2\/product_tag?post=87"},{"taxonomy":"topics","embeddable":true,"href":"https:\/\/staging.wholecelium.com\/sl\/wp-json\/wp\/v2\/topics?post=87"}],"curies":[{"name":"wp","href":"https:\/\/api.w.org\/{rel}","templated":true}]}}